{"id":947,"date":"2023-06-28T15:36:00","date_gmt":"2023-06-28T20:36:00","guid":{"rendered":"https:\/\/prueba1.wuilpy.com\/?post_type=product&#038;p=947"},"modified":"2023-06-28T15:36:28","modified_gmt":"2023-06-28T20:36:28","slug":"bicicleta-para-ninos-rin-12-drive-buddy","status":"publish","type":"product","link":"https:\/\/prueba1.wuilpy.com\/index.php\/product\/bicicleta-para-ninos-rin-12-drive-buddy\/","title":{"rendered":"Bicicleta Para Ni\u00f1os Rin 12 Drive Buddy"},"content":{"rendered":"<p>Bicicleta Para Ni\u00f1os Rin 12 Drive Buddy; ideal para iniciar a tus ni\u00f1os en el ciclismo, su ruedas auxiliares le ayudaran con el equilibrio mientras se vuelve un experto.<\/p>\n<div class=\"jsx-3624412160 specifications-list\">\n<ul class=\"jsx-3624412160\">\n<li><strong>Marca: \u00a0<\/strong>Drive<\/li>\n<li><strong>Modelo:<\/strong>\u00a0 Buddy<\/li>\n<li><strong>Rin: \u00a0<\/strong>12&#8243;<\/li>\n<li class=\"jsx-3624412160\"><strong class=\"jsx-3624412160\">Material del Marco<\/strong>: Acero<\/li>\n<li><strong>Aros:<\/strong> Aluminio<\/li>\n<li class=\"jsx-3624412160\"><strong class=\"jsx-3624412160\">Tipo de Freno<\/strong>: V-Brake<\/li>\n<li><strong>Edades:<\/strong>\u00a02 a 5 a\u00f1os<\/li>\n<li><strong>Incluye Accesorios: \u00a0<\/strong>Ruedas\u00a0Auxiliares, Cubrecadena, Guardafangos, Canasta y Campanita.<\/li>\n<\/ul>\n<\/div>\n","protected":false},"excerpt":{"rendered":"<p>Bicicleta Para Ni\u00f1os Rin 12 Drive Nitro<\/p>\n<p><a href=\"https:\/\/api.whatsapp.com\/send?phone=573144220079&amp;text=%C2%A1Hola%20Wuilpy!%20Quisiera%20asesor%C3%ADa%20personalizada%20para%20mi%20compra.%20Gracias\" target=\"_blank\" rel=\"noopener noreferrer\"><img decoding=\"async\" loading=\"lazy\" class=\"alignnone size-full wp-image-4589\" src=\"https:\/\/wuilpy.com\/wp-content\/uploads\/2020\/11\/boton-wsapp2.png\" alt=\"\" width=\"200\" height=\"30\" \/><\/a><\/p>\n","protected":false},"featured_media":970,"comment_status":"closed","ping_status":"closed","template":"","meta":{"site-sidebar-layout":"default","site-content-layout":"default","ast-global-header-display":"","ast-banner-title-visibility":"","ast-main-header-display":"","ast-hfb-above-header-display":"","ast-hfb-below-header-display":"","ast-hfb-mobile-header-display":"","site-post-title":"","ast-breadcrumbs-content":"","ast-featured-img":"","footer-sml-layout":"","theme-transparent-header-meta":"default","adv-header-id-meta":"","stick-header-meta":"","header-above-stick-meta":"","header-main-stick-meta":"","header-below-stick-meta":""},"product_cat":[23,25,26,46],"product_tag":[68],"_links":{"self":[{"href":"https:\/\/prueba1.wuilpy.com\/index.php\/wp-json\/wp\/v2\/product\/947"}],"collection":[{"href":"https:\/\/prueba1.wuilpy.com\/index.php\/wp-json\/wp\/v2\/product"}],"about":[{"href":"https:\/\/prueba1.wuilpy.com\/index.php\/wp-json\/wp\/v2\/types\/product"}],"replies":[{"embeddable":true,"href":"https:\/\/prueba1.wuilpy.com\/index.php\/wp-json\/wp\/v2\/comments?post=947"}],"wp:featuredmedia":[{"embeddable":true,"href":"https:\/\/prueba1.wuilpy.com\/index.php\/wp-json\/wp\/v2\/media\/970"}],"wp:attachment":[{"href":"https:\/\/prueba1.wuilpy.com\/index.php\/wp-json\/wp\/v2\/media?parent=947"}],"wp:term":[{"taxonomy":"product_cat","embeddable":true,"href":"https:\/\/prueba1.wuilpy.com\/index.php\/wp-json\/wp\/v2\/product_cat?post=947"},{"taxonomy":"product_tag","embeddable":true,"href":"https:\/\/prueba1.wuilpy.com\/index.php\/wp-json\/wp\/v2\/product_tag?post=947"}],"curies":[{"name":"wp","href":"https:\/\/api.w.org\/{rel}","templated":true}]}}