{"id":957,"date":"2023-06-28T15:36:02","date_gmt":"2023-06-28T20:36:02","guid":{"rendered":"https:\/\/prueba1.wuilpy.com\/?post_type=product&#038;p=957"},"modified":"2023-06-28T15:36:28","modified_gmt":"2023-06-28T20:36:28","slug":"bicicleta-sin-pedales-para-ninos-cliff","status":"publish","type":"product","link":"https:\/\/prueba1.wuilpy.com\/index.php\/product\/bicicleta-sin-pedales-para-ninos-cliff\/","title":{"rendered":"Bicicleta sin Pedales para ni\u00f1os Cliff"},"content":{"rendered":"<h1>Bicicleta sin Pedales para ni\u00f1os Cliff<\/h1>\n<p>Dale a tus ni\u00f1os una experiencia \u00fanica y \u00a0divertida mientras aprende a andar en bicicleta; con esta hermosa bicicleta sin pedales Cliff, que le ayudar\u00e1 a mejorar la coordinaci\u00f3n y equilibrio mientras se divierte. \u00a0Ideal para ni\u00f1os de 2 a 5 a\u00f1os<\/p>\n<ul>\n<li>\n<h2><strong>Marca:<\/strong>\u00a0Cliff<\/h2>\n<\/li>\n<li><strong>Rin:\u00a0<\/strong>12&#8243;<\/li>\n<li><strong>Material del Marco:<\/strong> Acero<\/li>\n<li><strong>Peso:<\/strong>\u00a04.5 kG<\/li>\n<li><strong>Edad:<\/strong> 2\u00a0a 5 a\u00f1os<\/li>\n<li>Garant\u00eda: 1 a\u00f1o por defectos de fabricaci\u00f3n.<\/li>\n<\/ul>\n","protected":false},"excerpt":{"rendered":"<h1 style=\"text-align: left\"><\/h1>\n<p><a href=\"https:\/\/api.whatsapp.com\/send?phone=573144220079&amp;text=%C2%A1Hola%20Wuilpy!%20Quisiera%20asesor%C3%ADa%20personalizada%20para%20mi%20compra.%20Gracias\" target=\"_blank\" rel=\"noopener noreferrer\"><img decoding=\"async\" loading=\"lazy\" class=\"size-full wp-image-4589 alignleft\" src=\"https:\/\/wuilpy.com\/wp-content\/uploads\/2020\/11\/boton-wsapp2.png\" alt=\"\" width=\"200\" height=\"30\" \/><\/a><\/p>\n<p>&nbsp;<\/p>\n","protected":false},"featured_media":977,"comment_status":"closed","ping_status":"closed","template":"","meta":{"site-sidebar-layout":"no-sidebar","site-content-layout":"boxed-container","ast-global-header-display":"","ast-banner-title-visibility":"","ast-main-header-display":"","ast-hfb-above-header-display":"","ast-hfb-below-header-display":"","ast-hfb-mobile-header-display":"","site-post-title":"disabled","ast-breadcrumbs-content":"","ast-featured-img":"disabled","footer-sml-layout":"","theme-transparent-header-meta":"default","adv-header-id-meta":"","stick-header-meta":"","header-above-stick-meta":"","header-main-stick-meta":"","header-below-stick-meta":""},"product_cat":[23,30,42],"product_tag":[39],"_links":{"self":[{"href":"https:\/\/prueba1.wuilpy.com\/index.php\/wp-json\/wp\/v2\/product\/957"}],"collection":[{"href":"https:\/\/prueba1.wuilpy.com\/index.php\/wp-json\/wp\/v2\/product"}],"about":[{"href":"https:\/\/prueba1.wuilpy.com\/index.php\/wp-json\/wp\/v2\/types\/product"}],"replies":[{"embeddable":true,"href":"https:\/\/prueba1.wuilpy.com\/index.php\/wp-json\/wp\/v2\/comments?post=957"}],"wp:featuredmedia":[{"embeddable":true,"href":"https:\/\/prueba1.wuilpy.com\/index.php\/wp-json\/wp\/v2\/media\/977"}],"wp:attachment":[{"href":"https:\/\/prueba1.wuilpy.com\/index.php\/wp-json\/wp\/v2\/media?parent=957"}],"wp:term":[{"taxonomy":"product_cat","embeddable":true,"href":"https:\/\/prueba1.wuilpy.com\/index.php\/wp-json\/wp\/v2\/product_cat?post=957"},{"taxonomy":"product_tag","embeddable":true,"href":"https:\/\/prueba1.wuilpy.com\/index.php\/wp-json\/wp\/v2\/product_tag?post=957"}],"curies":[{"name":"wp","href":"https:\/\/api.w.org\/{rel}","templated":true}]}}