{"id":962,"date":"2023-06-28T15:36:03","date_gmt":"2023-06-28T20:36:03","guid":{"rendered":"https:\/\/prueba1.wuilpy.com\/?post_type=product&#038;p=962"},"modified":"2023-06-28T15:36:27","modified_gmt":"2023-06-28T20:36:27","slug":"candado-para-bicicleta-con-alarma","status":"publish","type":"product","link":"https:\/\/prueba1.wuilpy.com\/index.php\/product\/candado-para-bicicleta-con-alarma\/","title":{"rendered":"Candado para Bicicleta con Alarma"},"content":{"rendered":"<h1>Candado para Bicicleta con Alarma<\/h1>\n<p>Mant\u00e9n tu bicicleta segura en todo momento con nuestro candado con alarma de 110dba. Con un mecanismo de bloqueo de alta seguridad, resistente a la manipulaci\u00f3n y los ataques con herramientas, lo que garantiza que tu bicicleta est\u00e9 protegida siempre.<\/p>\n<p>Adem\u00e1s, su alarma de 110dba se activar\u00e1 autom\u00e1ticamente si alguien moverla o manipular el candado, alertando a los transe\u00fantes cercanos.<\/p>\n<p><strong>Aplica tambi\u00e9n para moto.<\/strong><\/p>\n<p>Especificaciones:<\/p>\n<ul>\n<li>Sonido: \u00a0110db<\/li>\n<li>Incluye 3 llaves<\/li>\n<li>Incluye baterias de repuesto<\/li>\n<li>Baterias: \u00a06xA76\/LR44 1.5V<\/li>\n<li>Incluye 3 llaves y bater\u00edas de repuesto.<\/li>\n<li>Tambi\u00e9n puede funcionar como candado convencional<\/li>\n<\/ul>\n<p>\u00a1Ve seguro y tranquilo mientras proteges tu bici!<\/p>\n","protected":false},"excerpt":{"rendered":"<p><span style=\"font-size: 16px\"><\/p>\n<p>Protege tu bicicleta con nuestro candado para bicicleta con alarma. Mant\u00e9n tu bici segura en todo momento con la mejor tecnolog\u00eda.<\/p>\n<p><\/span><\/p>\n<p><a href=\"https:\/\/api.whatsapp.com\/send?phone=573144220079&amp;text=%C2%A1Hola%20Wuilpy!%20Quisiera%20asesor%C3%ADa%20personalizada%20para%20mi%20compra.%20Gracias\" target=\"_blank\" rel=\"noopener noreferrer\"><img decoding=\"async\" loading=\"lazy\" class=\"size-full wp-image-4589 alignleft\" src=\"https:\/\/wuilpy.com\/wp-content\/uploads\/2020\/11\/boton-wsapp2.png\" alt=\"\" width=\"200\" height=\"30\" \/><\/a><\/p>\n<p>&nbsp;<\/p>\n","protected":false},"featured_media":981,"comment_status":"closed","ping_status":"closed","template":"","meta":{"site-sidebar-layout":"default","site-content-layout":"default","ast-global-header-display":"","ast-banner-title-visibility":"","ast-main-header-display":"","ast-hfb-above-header-display":"","ast-hfb-below-header-display":"","ast-hfb-mobile-header-display":"","site-post-title":"","ast-breadcrumbs-content":"","ast-featured-img":"","footer-sml-layout":"","theme-transparent-header-meta":"default","adv-header-id-meta":"","stick-header-meta":"","header-above-stick-meta":"","header-main-stick-meta":"","header-below-stick-meta":""},"product_cat":[74,96],"product_tag":[],"_links":{"self":[{"href":"https:\/\/prueba1.wuilpy.com\/index.php\/wp-json\/wp\/v2\/product\/962"}],"collection":[{"href":"https:\/\/prueba1.wuilpy.com\/index.php\/wp-json\/wp\/v2\/product"}],"about":[{"href":"https:\/\/prueba1.wuilpy.com\/index.php\/wp-json\/wp\/v2\/types\/product"}],"replies":[{"embeddable":true,"href":"https:\/\/prueba1.wuilpy.com\/index.php\/wp-json\/wp\/v2\/comments?post=962"}],"wp:featuredmedia":[{"embeddable":true,"href":"https:\/\/prueba1.wuilpy.com\/index.php\/wp-json\/wp\/v2\/media\/981"}],"wp:attachment":[{"href":"https:\/\/prueba1.wuilpy.com\/index.php\/wp-json\/wp\/v2\/media?parent=962"}],"wp:term":[{"taxonomy":"product_cat","embeddable":true,"href":"https:\/\/prueba1.wuilpy.com\/index.php\/wp-json\/wp\/v2\/product_cat?post=962"},{"taxonomy":"product_tag","embeddable":true,"href":"https:\/\/prueba1.wuilpy.com\/index.php\/wp-json\/wp\/v2\/product_tag?post=962"}],"curies":[{"name":"wp","href":"https:\/\/api.w.org\/{rel}","templated":true}]}}